{"id":3921,"date":"2021-05-06T08:57:32","date_gmt":"2021-05-06T12:57:32","guid":{"rendered":"https:\/\/mayoristamifantasy.cl\/?page_id=3921"},"modified":"2021-05-06T08:57:32","modified_gmt":"2021-05-06T12:57:32","slug":"politicas-de-compra","status":"publish","type":"page","link":"https:\/\/mayoristamifantasy.cl\/index.php\/politicas-de-compra\/","title":{"rendered":"POL\u00cdTICAS DE COMPRA"},"content":{"rendered":"<section class=\"l-section wpb_row height_small\"><div class=\"l-section-h i-cf\"><div class=\"g-cols vc_row via_grid cols_1 laptops-cols_inherit tablets-cols_inherit mobiles-cols_1 valign_top type_default stacking_default\"><div class=\"wpb_column vc_column_container\"><div class=\"vc_column-inner\"><div class=\"wpb_text_column\"><div class=\"wpb_wrapper\"><p><strong>Observaciones:<\/strong><\/p>\n<ol>\n<li>La compra m\u00ednima es de 50.000 pesos<\/li>\n<li>La cotizaci\u00f3n tiene validez de 24 horas, posterior a este periodo de tiempo puede requerir re-chequeo del stock de productos.<\/li>\n<li>El pago lo puede realizar a trav\u00e9s del bot\u00f3n de Webpay que se encuentra en la p\u00e1gina principal del sitio web o por la transferencia bancaria. Una vez realizado el pago hay que enviar el comprobante de pago indicando su n\u00famero de solicitud de presupuesto al siguiente email: <a href=\"mailto:contacto@mifantasy.cl\">contacto@mifantasy.cl<\/a><\/li>\n<li>Las informaciones del banco son las siguientes:<br \/>\nBanco: Banco de Chile<br \/>\nTitular: Importadora Artbox Limitada<br \/>\nRut: 76.454.875-2<br \/>\nCte.: 175-0418-006<\/li>\n<li>El pedido puede ser retirado de la tienda o enviado por pagar seg\u00fan requerimiento del cliente.<\/li>\n<\/ol>\n<\/div><\/div><\/div><\/div><\/div><\/div><\/section><section class=\"l-section wpb_row height_small\"><div class=\"l-section-h i-cf\"><div class=\"g-cols vc_row via_grid cols_1 laptops-cols_inherit tablets-cols_inherit mobiles-cols_1 valign_top type_default stacking_default\"><div class=\"wpb_column vc_column_container\"><div class=\"vc_column-inner\"><div class=\"g-cols wpb_row via_grid cols_3 laptops-cols_inherit tablets-cols_inherit mobiles-cols_1 valign_top type_default stacking_default\" style=\"--gap:3rem;\"><div class=\"wpb_column vc_column_container\"><div class=\"vc_column-inner\"><div class=\"wpb_text_column\"><div class=\"wpb_wrapper\"><table style=\"background-color: #fff0 !important; border: 0px solid #dadada !important;\" border=\"0\" width=\"100%\">\n<tbody style=\"background: #fff0 !important;\">\n<tr style=\"background: #fff0 !important;\">\n<td style=\"width: 20%; background: #fff0 !important; vertical-align: middle; border: 0px solid #dadada !important; padding: 0;\"><img loading=\"lazy\" decoding=\"async\" src=\"\/wp-content\/uploads\/2019\/07\/Captura-de-pantalla-2019-07-25-a-las-15.49.17.png\" alt=\"\" width=\"500\" height=\"500\"><\/td>\n<td style=\"width: 65%; background: #fff0 !important; text-align: center; border: 0px solid #dadada !important; padding: 0;\">\n<h2><span style=\"color: #ffffff;\">BUSCA<\/span><\/h2>\n<p style=\"font-size: 13px;\">NAVEGA EN EL SITIO Y ENCUENTRA EL PRODUCTO QUE BUSCAS<\/p>\n<\/td>\n<td style=\"width: 15%; background: #fff0 !important; vertical-align: middle; border: 0px solid #dadada !important;\"><img loading=\"lazy\" decoding=\"async\" src=\"\/wp-content\/uploads\/2019\/07\/step3-angle-right.png\" alt=\"\" width=\"36\" height=\"71\"><\/td>\n<\/tr>\n<\/tbody>\n<\/table>\n<\/div><\/div><\/div><\/div><div class=\"wpb_column vc_column_container\"><div class=\"vc_column-inner\"><div class=\"wpb_text_column\"><div class=\"wpb_wrapper\"><table style=\"background-color: #fff0 !important; border: 0px solid #dadada !important;\" border=\"0\" width=\"100%\">\n<tbody style=\"background: #fff0 !important;\">\n<tr style=\"background: #fff0 !important;\">\n<td style=\"width: 20%; background: #fff0 !important; vertical-align: middle; border: 0px solid #dadada !important; padding: 0;\"><img loading=\"lazy\" decoding=\"async\" class=\"alignnone\" src=\"\/wp-content\/uploads\/2019\/07\/Captura-de-pantalla-2019-07-25-a-las-15.49.31.png\" alt=\"\" width=\"500\" height=\"500\"><\/td>\n<td style=\"width: 65%; background: #fff0 !important; text-align: center; border: 0px solid #dadada !important; padding: 0;\">\n<h2><span style=\"color: #ffffff;\">COTIZA<\/span><\/h2>\n<p style=\"font-size: 13px;\">AL CONSEGUIR TU PRODUCTO, HAZ CLICK EN \u00abCOTIZAR\u00bb<\/p>\n<\/td>\n<td style=\"width: 15%; background: #fff0 !important; vertical-align: middle; border: 0px solid #dadada !important;\"><img loading=\"lazy\" decoding=\"async\" src=\"\/wp-content\/uploads\/2019\/07\/step3-angle-right.png\" alt=\"\" width=\"36\" height=\"71\"><\/td>\n<\/tr>\n<\/tbody>\n<\/table>\n<\/div><\/div><\/div><\/div><div class=\"wpb_column vc_column_container\"><div class=\"vc_column-inner\"><div class=\"wpb_text_column\"><div class=\"wpb_wrapper\"><table style=\"background-color: #fff0 !important; border: 0px solid #dadada !important;\" border=\"0\" width=\"100%\">\n<tbody style=\"background: #fff0 !important;\">\n<tr style=\"background: #fff0 !important;\">\n<td style=\"width: 20%; background: #fff0 !important; vertical-align: middle; border: 0px solid #dadada !important; padding: 0;\"><img loading=\"lazy\" decoding=\"async\" src=\"\/wp-content\/uploads\/2019\/07\/Captura-de-pantalla-2019-07-25-a-las-15.49.48.png\" alt=\"\" width=\"500\" height=\"500\"><\/td>\n<td style=\"width: 65%; background: #fff0 !important; text-align: center; border: 0px solid #dadada !important; padding: 0;\">\n<h2><span style=\"color: #ffffff;\">ASES\u00d3RATE<\/span><\/h2>\n<p style=\"font-size: 13px;\">LE CONTACTAREMOS EN LAS PR\u00d3XIMAS 24 HORAS<\/p>\n<\/td>\n<td style=\"width: 15%; background: #fff0 !important; vertical-align: middle; border: 0px solid #dadada !important;\">&nbsp;<\/td>\n<\/tr>\n<\/tbody>\n<\/table>\n<\/div><\/div><\/div><\/div><\/div><\/div><\/div><\/div><\/div><\/section>\n","protected":false},"excerpt":{"rendered":"Observaciones: La compra m\u00ednima es de 50.000 pesos La cotizaci\u00f3n tiene validez de 24 horas, posterior a este periodo de tiempo puede requerir re-chequeo del stock de productos. El pago lo puede realizar a trav\u00e9s del bot\u00f3n de Webpay que se encuentra en la p\u00e1gina principal del sitio web o por la transferencia bancaria. Una...","protected":false},"author":3,"featured_media":0,"parent":0,"menu_order":0,"comment_status":"closed","ping_status":"closed","template":"","meta":{"_acf_changed":false,"footnotes":""},"class_list":["post-3921","page","type-page","status-publish","hentry"],"acf":[],"aioseo_notices":[],"_links":{"self":[{"href":"https:\/\/mayoristamifantasy.cl\/index.php\/wp-json\/wp\/v2\/pages\/3921","targetHints":{"allow":["GET"]}}],"collection":[{"href":"https:\/\/mayoristamifantasy.cl\/index.php\/wp-json\/wp\/v2\/pages"}],"about":[{"href":"https:\/\/mayoristamifantasy.cl\/index.php\/wp-json\/wp\/v2\/types\/page"}],"author":[{"embeddable":true,"href":"https:\/\/mayoristamifantasy.cl\/index.php\/wp-json\/wp\/v2\/users\/3"}],"replies":[{"embeddable":true,"href":"https:\/\/mayoristamifantasy.cl\/index.php\/wp-json\/wp\/v2\/comments?post=3921"}],"version-history":[{"count":1,"href":"https:\/\/mayoristamifantasy.cl\/index.php\/wp-json\/wp\/v2\/pages\/3921\/revisions"}],"predecessor-version":[{"id":3922,"href":"https:\/\/mayoristamifantasy.cl\/index.php\/wp-json\/wp\/v2\/pages\/3921\/revisions\/3922"}],"wp:attachment":[{"href":"https:\/\/mayoristamifantasy.cl\/index.php\/wp-json\/wp\/v2\/media?parent=3921"}],"curies":[{"name":"wp","href":"https:\/\/api.w.org\/{rel}","templated":true}]}}