{"id":1029,"date":"2019-08-09T20:05:05","date_gmt":"2019-08-10T00:05:05","guid":{"rendered":"https:\/\/designsa.cl\/?page_id=1029"},"modified":"2019-08-27T12:59:52","modified_gmt":"2019-08-27T16:59:52","slug":"distribuidor","status":"publish","type":"page","link":"https:\/\/mayoristamifantasy.cl\/index.php\/distribuidor\/","title":{"rendered":"Distribuidor"},"content":{"rendered":"<section class=\"l-section wpb_row height_small\"><div class=\"l-section-h i-cf\"><div class=\"g-cols vc_row via_grid cols_1 laptops-cols_inherit tablets-cols_inherit mobiles-cols_1 valign_middle type_default stacking_default\"><div class=\"wpb_column vc_column_container\"><div class=\"vc_column-inner\"><\/div><\/div><\/div><\/div><\/section><section class=\"l-section wpb_row height_small\"><div class=\"l-section-h i-cf\"><div class=\"g-cols vc_row via_grid cols_1 laptops-cols_inherit tablets-cols_inherit mobiles-cols_1 valign_top type_default stacking_default\"><div class=\"wpb_column vc_column_container\"><div class=\"vc_column-inner\"><div class=\"g-cols wpb_row via_grid cols_custom laptops-cols_inherit tablets-cols_inherit mobiles-cols_1 valign_top type_default stacking_default\" style=\"--gap:3rem;--custom-columns:3.5fr 1fr 1.5fr \"><div class=\"wpb_column vc_column_container\"><div class=\"vc_column-inner\"><div class=\"wpb_text_column\"><div class=\"wpb_wrapper\"><h2>\u00bfQUIERES SER DISTRIBUIDOR?<\/h2>\n<p><em>Est\u00e1s a un clic de la oportunidad de negocio m\u00e1s rentable del mercado de la construcci\u00f3n.<\/em><\/p>\n<\/div><\/div><\/div><\/div><div class=\"wpb_column vc_column_container\"><div class=\"vc_column-inner\">[image_with_animation image_url=\u00bb40&#8243; alignment=\u00bbcenter\u00bb animation=\u00bbFade In\u00bb border_radius=\u00bbnone\u00bb box_shadow=\u00bbnone\u00bb max_width=\u00bb100%\u00bb]<\/div><\/div><div class=\"wpb_column vc_column_container\"><div class=\"vc_column-inner\">[nectar_btn size=\u00bblarge\u00bb button_style=\u00bbregular\u00bb button_color_2=\u00bbExtra-Color-2&#8243; solid_text_color_override=\u00bb#d30000&#8243; icon_family=\u00bbnone\u00bb text=\u00bb\u00a1 COMIENZA AQU\u00cd!\u00bb url=\u00bbhttps:\/\/designsa.cl\/contacto\/#wpcf7-f405-p1047-o1&#8243;]<\/div><\/div><\/div><\/div><\/div><\/div><\/div><\/section><section class=\"l-section wpb_row height_small\"><div class=\"l-section-h i-cf\"><div class=\"g-cols vc_row via_grid cols_1 laptops-cols_inherit tablets-cols_inherit mobiles-cols_1 valign_top type_default stacking_default\"><div class=\"wpb_column vc_column_container\"><div class=\"vc_column-inner\"><div class=\"g-cols wpb_row via_grid cols_3 laptops-cols_inherit tablets-cols_inherit mobiles-cols_1 valign_top type_default stacking_default\" style=\"--gap:3rem;\"><div class=\"wpb_column vc_column_container\"><div class=\"vc_column-inner\">[nectar_icon icon_family=\u00bbfontawesome\u00bb icon_style=\u00bbdefault\u00bb icon_color=\u00bbAccent-Color\u00bb icon_padding=\u00bb0px\u00bb icon_fontawesome=\u00bbfa fa-money\u00bb icon_size=\u00bb80&#8243;]<div class=\"wpb_text_column\"><div class=\"wpb_wrapper\"><h2>PRECIOS<\/h2>\n<p>Disfrutar\u00e1s de precios preferenciales, ofertas y promociones en nuestros productos.<\/p>\n<\/div><\/div><\/div><\/div><div class=\"wpb_column vc_column_container\"><div class=\"vc_column-inner\">[nectar_icon icon_family=\u00bbfontawesome\u00bb icon_style=\u00bbdefault\u00bb icon_color=\u00bbAccent-Color\u00bb icon_padding=\u00bb0px\u00bb icon_fontawesome=\u00bbfa fa-thumbs-up\u00bb icon_size=\u00bb80&#8243;]<div class=\"wpb_text_column\"><div class=\"wpb_wrapper\"><h2>CALIDAD<\/h2>\n<p>Productos con calidad garantizada seg\u00fan certificados y est\u00e1ndares internacionales.<\/p>\n<\/div><\/div><\/div><\/div><div class=\"wpb_column vc_column_container\"><div class=\"vc_column-inner\">[nectar_icon icon_family=\u00bbfontawesome\u00bb icon_style=\u00bbdefault\u00bb icon_color=\u00bbAccent-Color\u00bb icon_padding=\u00bb0px\u00bb icon_fontawesome=\u00bbfa fa-home\u00bb icon_size=\u00bb80&#8243;]<div class=\"wpb_text_column\"><div class=\"wpb_wrapper\"><h2>DESIGN SPA<\/h2>\n<p>Respaldo de la empresa Design SPA. con m\u00e1s de 30 a\u00f1os de experiencia en el mercado.<\/p>\n<\/div><\/div><\/div><\/div><\/div><div class=\"g-cols wpb_row via_grid cols_3 laptops-cols_inherit tablets-cols_inherit mobiles-cols_1 valign_top type_default stacking_default\" style=\"--gap:3rem;\"><div class=\"wpb_column vc_column_container\"><div class=\"vc_column-inner\">[nectar_icon icon_family=\u00bbfontawesome\u00bb icon_style=\u00bbdefault\u00bb icon_color=\u00bbAccent-Color\u00bb icon_padding=\u00bb0px\u00bb icon_fontawesome=\u00bbfa fa-briefcase\u00bb icon_size=\u00bb80&#8243;]<div class=\"wpb_text_column\"><div class=\"wpb_wrapper\"><h2>CAPACITACIONES<\/h2>\n<p>Recibe capacitaciones y asesor\u00edas sobre nuestra gran variedad de productos.<\/p>\n<\/div><\/div><\/div><\/div><div class=\"wpb_column vc_column_container\"><div class=\"vc_column-inner\">[nectar_icon icon_family=\u00bbfontawesome\u00bb icon_style=\u00bbdefault\u00bb icon_color=\u00bbAccent-Color\u00bb icon_padding=\u00bb0px\u00bb icon_fontawesome=\u00bbfa fa-map-signs\u00bb icon_size=\u00bb80&#8243;]<div class=\"wpb_text_column\"><div class=\"wpb_wrapper\"><h2>MEJORES MARCAS<\/h2>\n<p>Cuenta con el beneficio de trabajar con las marcas m\u00e1s reconocidas de la construcci\u00f3n.<\/p>\n<\/div><\/div><\/div><\/div><div class=\"wpb_column vc_column_container\"><div class=\"vc_column-inner\">[nectar_icon icon_family=\u00bbfontawesome\u00bb icon_style=\u00bbdefault\u00bb icon_color=\u00bbAccent-Color\u00bb icon_padding=\u00bb0px\u00bb icon_fontawesome=\u00bbfa fa-line-chart\u00bb icon_size=\u00bb80&#8243;]<div class=\"wpb_text_column\"><div class=\"wpb_wrapper\"><h2>LIBERTAD<\/h2>\n<p>Maneja tu propia empresa e incursiona en el mercado chileno de la construcci\u00f3n.<\/p>\n<\/div><\/div><\/div><\/div><\/div><\/div><\/div><\/div><\/div><\/section><section class=\"l-section wpb_row height_small\"><div class=\"l-section-h i-cf\"><div class=\"g-cols vc_row via_grid cols_1 laptops-cols_inherit tablets-cols_inherit mobiles-cols_1 valign_top type_default stacking_default\"><div class=\"wpb_column vc_column_container\"><div class=\"vc_column-inner\"><div class=\"g-cols wpb_row via_grid cols_3 laptops-cols_inherit tablets-cols_inherit mobiles-cols_1 valign_top type_default stacking_default\" style=\"--gap:3rem;\"><div class=\"wpb_column vc_column_container\"><div class=\"vc_column-inner\"><div class=\"wpb_text_column\"><div class=\"wpb_wrapper\"><table style=\"background-color: #fff0 !important; border: 0px solid #dadada !important;\" border=\"0\" width=\"100%\">\n<tbody style=\"background: #fff0 !important;\">\n<tr style=\"background: #fff0 !important;\">\n<td style=\"width: 20%; background: #fff0 !important; vertical-align: middle; border: 0px solid #dadada !important; padding: 0;\"><img loading=\"lazy\" decoding=\"async\" src=\"https:\/\/designsa.cl\/wp-content\/uploads\/2019\/07\/Captura-de-pantalla-2019-07-25-a-las-15.49.17.png\" alt=\"\" width=\"500\" height=\"500\" \/><\/td>\n<td style=\"width: 65%; background: #fff0 !important; text-align: center; border: 0px solid #dadada !important; padding: 0;\">\n<h2><span style=\"color: #ffffff;\">BUSCA<\/span><\/h2>\n<p style=\"font-size: 13px;\">NAVEGA EN EL SITIO Y ENCUENTRA EL PRODUCTO QUE BUSCAS<\/p>\n<\/td>\n<td style=\"width: 15%; background: #fff0 !important; vertical-align: middle; border: 0px solid #dadada !important;\"><img loading=\"lazy\" decoding=\"async\" src=\"https:\/\/designsa.cl\/wp-content\/uploads\/2019\/07\/step3-angle-right.png\" alt=\"\" width=\"36\" height=\"71\" \/><\/td>\n<\/tr>\n<\/tbody>\n<\/table>\n<\/div><\/div><\/div><\/div><div class=\"wpb_column vc_column_container\"><div class=\"vc_column-inner\"><div class=\"wpb_text_column\"><div class=\"wpb_wrapper\"><table style=\"background-color: #fff0 !important; border: 0px solid #dadada !important;\" border=\"0\" width=\"100%\">\n<tbody style=\"background: #fff0 !important;\">\n<tr style=\"background: #fff0 !important;\">\n<td style=\"width: 20%; background: #fff0 !important; vertical-align: middle; border: 0px solid #dadada !important; padding: 0;\"><img loading=\"lazy\" decoding=\"async\" class=\"alignnone\" src=\"https:\/\/designsa.cl\/wp-content\/uploads\/2019\/07\/Captura-de-pantalla-2019-07-25-a-las-15.49.31.png\" alt=\"\" width=\"500\" height=\"500\" \/><\/td>\n<td style=\"width: 65%; background: #fff0 !important; text-align: center; border: 0px solid #dadada !important; padding: 0;\">\n<h2><span style=\"color: #ffffff;\">COTIZA<\/span><\/h2>\n<p style=\"font-size: 13px;\">AL CONSEGUIR TU PRODUCTO, HAZ CLICK EN \u00abCOTIZAR\u00bb<\/p>\n<\/td>\n<td style=\"width: 15%; background: #fff0 !important; vertical-align: middle; border: 0px solid #dadada !important;\"><img loading=\"lazy\" decoding=\"async\" src=\"https:\/\/designsa.cl\/wp-content\/uploads\/2019\/07\/step3-angle-right.png\" alt=\"\" width=\"36\" height=\"71\" \/><\/td>\n<\/tr>\n<\/tbody>\n<\/table>\n<\/div><\/div><\/div><\/div><div class=\"wpb_column vc_column_container\"><div class=\"vc_column-inner\"><div class=\"wpb_text_column\"><div class=\"wpb_wrapper\"><table style=\"background-color: #fff0 !important; border: 0px solid #dadada !important;\" border=\"0\" width=\"100%\">\n<tbody style=\"background: #fff0 !important;\">\n<tr style=\"background: #fff0 !important;\">\n<td style=\"width: 20%; background: #fff0 !important; vertical-align: middle; border: 0px solid #dadada !important; padding: 0;\"><img loading=\"lazy\" decoding=\"async\" src=\"https:\/\/designsa.cl\/wp-content\/uploads\/2019\/07\/Captura-de-pantalla-2019-07-25-a-las-15.49.48.png\" alt=\"\" width=\"500\" height=\"500\" \/><\/td>\n<td style=\"width: 65%; background: #fff0 !important; text-align: center; border: 0px solid #dadada !important; padding: 0;\">\n<h2><span style=\"color: #ffffff;\">ASES\u00d3RATE<\/span><\/h2>\n<p style=\"font-size: 13px;\">LE CONTACTAREMOS EN LAS PR\u00d3XIMAS 24 HORAS<\/p>\n<\/td>\n<td style=\"width: 15%; background: #fff0 !important; vertical-align: middle; border: 0px solid #dadada !important;\"><\/td>\n<\/tr>\n<\/tbody>\n<\/table>\n<\/div><\/div><\/div><\/div><\/div><\/div><\/div><\/div><\/div><\/section>\n","protected":false},"excerpt":{"rendered":"\u00bfQUIERES SER DISTRIBUIDOR? Est\u00e1s a un clic de la oportunidad de negocio m\u00e1s rentable del mercado de la construcci\u00f3n. [image_with_animation image_url=\"40\" alignment=\"center\" animation=\"Fade In\" border_radius=\"none\" box_shadow=\"none\" max_width=\"100%\"][nectar_btn size=\"large\" button_style=\"regular\" button_color_2=\"Extra-Color-2\" solid_text_color_override=\"#d30000\" icon_family=\"none\" text=\"\u00a1 COMIENZA AQU\u00cd!\" url=\"https:\/\/designsa.cl\/contacto\/#wpcf7-f405-p1047-o1\"][nectar_icon icon_family=\"fontawesome\" icon_style=\"default\" icon_color=\"Accent-Color\" icon_padding=\"0px\" icon_fontawesome=\"fa fa-money\" icon_size=\"80\"]PRECIOS Disfrutar\u00e1s de precios preferenciales, ofertas y promociones en nuestros productos. [nectar_icon icon_family=\"fontawesome\"...","protected":false},"author":3,"featured_media":0,"parent":0,"menu_order":0,"comment_status":"closed","ping_status":"closed","template":"","meta":{"_acf_changed":false,"footnotes":""},"class_list":["post-1029","page","type-page","status-publish","hentry"],"acf":[],"aioseo_notices":[],"_links":{"self":[{"href":"https:\/\/mayoristamifantasy.cl\/index.php\/wp-json\/wp\/v2\/pages\/1029","targetHints":{"allow":["GET"]}}],"collection":[{"href":"https:\/\/mayoristamifantasy.cl\/index.php\/wp-json\/wp\/v2\/pages"}],"about":[{"href":"https:\/\/mayoristamifantasy.cl\/index.php\/wp-json\/wp\/v2\/types\/page"}],"author":[{"embeddable":true,"href":"https:\/\/mayoristamifantasy.cl\/index.php\/wp-json\/wp\/v2\/users\/3"}],"replies":[{"embeddable":true,"href":"https:\/\/mayoristamifantasy.cl\/index.php\/wp-json\/wp\/v2\/comments?post=1029"}],"version-history":[{"count":0,"href":"https:\/\/mayoristamifantasy.cl\/index.php\/wp-json\/wp\/v2\/pages\/1029\/revisions"}],"wp:attachment":[{"href":"https:\/\/mayoristamifantasy.cl\/index.php\/wp-json\/wp\/v2\/media?parent=1029"}],"curies":[{"name":"wp","href":"https:\/\/api.w.org\/{rel}","templated":true}]}}