{"id":10036,"date":"2023-10-24T12:38:11","date_gmt":"2023-10-24T16:38:11","guid":{"rendered":"https:\/\/mayoristamifantasy.cl\/?page_id=10036"},"modified":"2025-01-09T14:26:56","modified_gmt":"2025-01-09T18:26:56","slug":"cotizacion","status":"publish","type":"page","link":"https:\/\/mayoristamifantasy.cl\/index.php\/cotizacion\/","title":{"rendered":"Cotizaci\u00f3n"},"content":{"rendered":"\n<div class=\"woocommerce ywraq-wrapper\">\n\n\t    <div id=\"yith-ywraq-message\"><div class=\"ywraq-question-message\">\n\t<\/div><\/div>\n\t\t<p class=\"ywraq_list_empty_message\">Tu lista est\u00e1 vac\u00eda, a\u00f1ade productos a la lista para enviar una solicitud<p><p class=\"return-to-shop\"><a class=\"button wc-backward\" href=\"\/index.php\/articulos-de-libreria\/\">Volver<\/a><\/p>\n\n\t    <\/div>\n","protected":false},"excerpt":{"rendered":"Tu lista est\u00e1 vac\u00eda, a\u00f1ade productos a la lista para enviar una solicitudVolver","protected":false},"author":3,"featured_media":0,"parent":0,"menu_order":0,"comment_status":"closed","ping_status":"closed","template":"","meta":{"_acf_changed":false,"footnotes":""},"class_list":["post-10036","page","type-page","status-publish","hentry"],"acf":[],"aioseo_notices":[],"_links":{"self":[{"href":"https:\/\/mayoristamifantasy.cl\/index.php\/wp-json\/wp\/v2\/pages\/10036","targetHints":{"allow":["GET"]}}],"collection":[{"href":"https:\/\/mayoristamifantasy.cl\/index.php\/wp-json\/wp\/v2\/pages"}],"about":[{"href":"https:\/\/mayoristamifantasy.cl\/index.php\/wp-json\/wp\/v2\/types\/page"}],"author":[{"embeddable":true,"href":"https:\/\/mayoristamifantasy.cl\/index.php\/wp-json\/wp\/v2\/users\/3"}],"replies":[{"embeddable":true,"href":"https:\/\/mayoristamifantasy.cl\/index.php\/wp-json\/wp\/v2\/comments?post=10036"}],"version-history":[{"count":3,"href":"https:\/\/mayoristamifantasy.cl\/index.php\/wp-json\/wp\/v2\/pages\/10036\/revisions"}],"predecessor-version":[{"id":11657,"href":"https:\/\/mayoristamifantasy.cl\/index.php\/wp-json\/wp\/v2\/pages\/10036\/revisions\/11657"}],"wp:attachment":[{"href":"https:\/\/mayoristamifantasy.cl\/index.php\/wp-json\/wp\/v2\/media?parent=10036"}],"curies":[{"name":"wp","href":"https:\/\/api.w.org\/{rel}","templated":true}]}}